{"id":25,"date":"2020-01-14T15:56:11","date_gmt":"2020-01-14T14:56:11","guid":{"rendered":"http:\/\/www.chalets-cocoon.fr\/?page_id=25"},"modified":"2026-02-12T12:45:25","modified_gmt":"2026-02-12T11:45:25","slug":"accueil","status":"publish","type":"page","link":"http:\/\/www.chalets-cocoon.fr\/en\/","title":{"rendered":"Home"},"content":{"rendered":"<div data-elementor-type=\"wp-post\" data-elementor-id=\"25\" class=\"elementor elementor-25\">\n\t\t\t\t\t\t<section class=\"elementor-section elementor-top-section elementor-element elementor-element-adccf13 elementor-section-boxed elementor-section-height-default elementor-section-height-default\" data-id=\"adccf13\" data-element_type=\"section\" data-e-type=\"section\" data-settings=\"{&quot;background_background&quot;:&quot;classic&quot;}\">\n\t\t\t\t\t\t<div class=\"elementor-container elementor-column-gap-default\">\n\t\t\t\t\t<div class=\"elementor-column elementor-col-100 elementor-top-column elementor-element elementor-element-988d0e1\" data-id=\"988d0e1\" data-element_type=\"column\" data-e-type=\"column\">\n\t\t\t<div class=\"elementor-widget-wrap elementor-element-populated\">\n\t\t\t\t\t\t<div class=\"elementor-element elementor-element-fd25492 elementor-widget elementor-widget-image\" data-id=\"fd25492\" data-element_type=\"widget\" data-e-type=\"widget\" data-widget_type=\"image.default\">\n\t\t\t\t<div class=\"elementor-widget-container\">\n\t\t\t\t\t\t\t\t\t\t\t\t\t\t\t<img decoding=\"async\" width=\"180\" height=\"50\" src=\"http:\/\/www.chalets-cocoon.fr\/wp-content\/uploads\/2021\/04\/PictoCle1.png\" class=\"attachment-large size-large wp-image-2782\" alt=\"\" \/>\t\t\t\t\t\t\t\t\t\t\t\t\t\t\t<\/div>\n\t\t\t\t<\/div>\n\t\t\t\t\t<\/div>\n\t\t<\/div>\n\t\t\t\t\t<\/div>\n\t\t<\/section>\n\t\t\t\t<section class=\"elementor-section elementor-top-section elementor-element elementor-element-8c81252 elementor-section-boxed elementor-section-height-default elementor-section-height-default\" data-id=\"8c81252\" data-element_type=\"section\" data-e-type=\"section\">\n\t\t\t\t\t\t<div class=\"elementor-container elementor-column-gap-no\">\n\t\t\t\t\t<div class=\"elementor-column elementor-col-100 elementor-top-column elementor-element elementor-element-cff9e1a\" data-id=\"cff9e1a\" data-element_type=\"column\" data-e-type=\"column\">\n\t\t\t<div class=\"elementor-widget-wrap elementor-element-populated\">\n\t\t\t\t\t\t<div class=\"elementor-element elementor-element-99df784 elementor-widget elementor-widget-shortcode\" data-id=\"99df784\" data-element_type=\"widget\" data-e-type=\"widget\" data-widget_type=\"shortcode.default\">\n\t\t\t\t<div class=\"elementor-widget-container\">\n\t\t\t\t\t\t\t<div class=\"elementor-shortcode\"><\/div>\n\t\t\t\t\t\t<\/div>\n\t\t\t\t<\/div>\n\t\t\t\t\t<\/div>\n\t\t<\/div>\n\t\t\t\t\t<\/div>\n\t\t<\/section>\n\t\t\t\t<section class=\"elementor-section elementor-top-section elementor-element elementor-element-76a6247 elementor-section-boxed elementor-section-height-default elementor-section-height-default\" data-id=\"76a6247\" data-element_type=\"section\" data-e-type=\"section\">\n\t\t\t\t\t\t<div class=\"elementor-container elementor-column-gap-default\">\n\t\t\t\t\t<div class=\"elementor-column elementor-col-100 elementor-top-column elementor-element elementor-element-5cdfa06\" data-id=\"5cdfa06\" data-element_type=\"column\" data-e-type=\"column\">\n\t\t\t<div class=\"elementor-widget-wrap elementor-element-populated\">\n\t\t\t\t\t\t<div class=\"elementor-element elementor-element-a316a51 elementor-widget elementor-widget-heading\" data-id=\"a316a51\" data-element_type=\"widget\" data-e-type=\"widget\" data-widget_type=\"heading.default\">\n\t\t\t\t<div class=\"elementor-widget-container\">\n\t\t\t\t\t<h1 class=\"elementor-heading-title elementor-size-default\">Chalets Cocoon<\/h1>\t\t\t\t<\/div>\n\t\t\t\t<\/div>\n\t\t\t\t\t<\/div>\n\t\t<\/div>\n\t\t\t\t\t<\/div>\n\t\t<\/section>\n\t\t\t\t<section class=\"elementor-section elementor-top-section elementor-element elementor-element-2afced9 elementor-section-boxed elementor-section-height-default elementor-section-height-default\" data-id=\"2afced9\" data-element_type=\"section\" data-e-type=\"section\">\n\t\t\t\t\t\t<div class=\"elementor-container elementor-column-gap-default\">\n\t\t\t\t\t<div class=\"elementor-column elementor-col-100 elementor-top-column elementor-element elementor-element-9ddeb01\" data-id=\"9ddeb01\" data-element_type=\"column\" data-e-type=\"column\">\n\t\t\t<div class=\"elementor-widget-wrap elementor-element-populated\">\n\t\t\t\t\t\t<div class=\"elementor-element elementor-element-1a2016f elementor-widget elementor-widget-heading\" data-id=\"1a2016f\" data-element_type=\"widget\" data-e-type=\"widget\" data-widget_type=\"heading.default\">\n\t\t\t\t<div class=\"elementor-widget-container\">\n\t\t\t\t\t<h2 class=\"elementor-heading-title elementor-size-default\">Luxury chalet rentals in Alsace, near Champ du Feu<\/h2>\t\t\t\t<\/div>\n\t\t\t\t<\/div>\n\t\t\t\t\t<\/div>\n\t\t<\/div>\n\t\t\t\t\t<\/div>\n\t\t<\/section>\n\t\t\t\t<section class=\"elementor-section elementor-top-section elementor-element elementor-element-9cf95bf elementor-section-boxed elementor-section-height-default elementor-section-height-default\" data-id=\"9cf95bf\" data-element_type=\"section\" data-e-type=\"section\">\n\t\t\t\t\t\t<div class=\"elementor-container elementor-column-gap-wide\">\n\t\t\t\t\t<div class=\"elementor-column elementor-col-100 elementor-top-column elementor-element elementor-element-0c374f7\" data-id=\"0c374f7\" data-element_type=\"column\" data-e-type=\"column\">\n\t\t\t<div class=\"elementor-widget-wrap elementor-element-populated\">\n\t\t\t\t\t\t<div class=\"elementor-element elementor-element-c7c240d elementor-widget elementor-widget-heading\" data-id=\"c7c240d\" data-element_type=\"widget\" data-e-type=\"widget\" data-widget_type=\"heading.default\">\n\t\t\t\t<div class=\"elementor-widget-container\">\n\t\t\t\t\t<h3 class=\"elementor-heading-title elementor-size-default\">Situation<\/h3>\t\t\t\t<\/div>\n\t\t\t\t<\/div>\n\t\t\t\t<div class=\"elementor-element elementor-element-07090c8 elementor-widget elementor-widget-text-editor\" data-id=\"07090c8\" data-element_type=\"widget\" data-e-type=\"widget\" data-widget_type=\"text-editor.default\">\n\t\t\t\t<div class=\"elementor-widget-container\">\n\t\t\t\t\t\t\t\t\t<p><strong>Two large 5-star spa chalets<\/strong>, the \"Chalet de Marie\" and the \"Chalet de Lucie\", welcome you to the Champ du Feu, <strong>in the heart of the Alsatian Vosges,<\/strong> just 50 minutes from Strasbourg and an hour from Colmar. They are exposed full south with an <strong>extraordinary panoramic view<\/strong> on the Vosges peaks.<\/p><p>These <a href=\"\/en\/les-chalets\/\">exceptional chalets<\/a> are nestled in Belmont, the highest commune in the Bas-Rhin department, <strong>830 meters altitude<\/strong>, a few minutes from the ski resort <strong>Champ du Feu<\/strong>.<\/p><p>An idyllic location, the Champ du Feu, situated between 900 and 1,100 meters above sea level, is a <strong>wonder of nature<\/strong>. It is a vast field encompassing meadows, alpine grasslands, beech forests, and fir groves. It is one of the best astronomical observation sites in northeastern France. On clear, cloudless nights, millions of stars are visible to the naked eye. It is classified as a major astronomical site.<\/p>\t\t\t\t\t\t\t\t<\/div>\n\t\t\t\t<\/div>\n\t\t\t\t\t<\/div>\n\t\t<\/div>\n\t\t\t\t\t<\/div>\n\t\t<\/section>\n\t\t\t\t<section class=\"elementor-section elementor-top-section elementor-element elementor-element-a03cab0 elementor-section-boxed elementor-section-height-default elementor-section-height-default\" data-id=\"a03cab0\" data-element_type=\"section\" data-e-type=\"section\">\n\t\t\t\t\t\t<div class=\"elementor-container elementor-column-gap-default\">\n\t\t\t\t\t<div class=\"elementor-column elementor-col-50 elementor-top-column elementor-element elementor-element-530e36d elementor-hidden-tablet\" data-id=\"530e36d\" data-element_type=\"column\" data-e-type=\"column\">\n\t\t\t<div class=\"elementor-widget-wrap elementor-element-populated\">\n\t\t\t\t\t\t<div class=\"elementor-element elementor-element-8641cbe elementor-widget elementor-widget-image\" data-id=\"8641cbe\" data-element_type=\"widget\" data-e-type=\"widget\" data-widget_type=\"image.default\">\n\t\t\t\t<div class=\"elementor-widget-container\">\n\t\t\t\t\t\t\t\t\t\t\t\t<figure class=\"wp-caption\">\n\t\t\t\t\t\t\t\t\t\t<img fetchpriority=\"high\" decoding=\"async\" width=\"1536\" height=\"1029\" src=\"http:\/\/www.chalets-cocoon.fr\/wp-content\/uploads\/2020\/02\/P_30_31_PAN_MG_8930-1536x1029.jpg\" class=\"attachment-1536x1536 size-1536x1536 wp-image-865\" alt=\"chalet Champ du feu village \u00e9t\u00e9\" srcset=\"http:\/\/www.chalets-cocoon.fr\/wp-content\/uploads\/2020\/02\/P_30_31_PAN_MG_8930-1536x1029.jpg 1536w, http:\/\/www.chalets-cocoon.fr\/wp-content\/uploads\/2020\/02\/P_30_31_PAN_MG_8930-300x201.jpg 300w, http:\/\/www.chalets-cocoon.fr\/wp-content\/uploads\/2020\/02\/P_30_31_PAN_MG_8930-1024x686.jpg 1024w, http:\/\/www.chalets-cocoon.fr\/wp-content\/uploads\/2020\/02\/P_30_31_PAN_MG_8930-768x514.jpg 768w, http:\/\/www.chalets-cocoon.fr\/wp-content\/uploads\/2020\/02\/P_30_31_PAN_MG_8930.jpg 1920w\" sizes=\"(max-width: 1536px) 100vw, 1536px\" \/>\t\t\t\t\t\t\t\t\t\t\t<figcaption class=\"widget-image-caption wp-caption-text\">Photo Frantisek Zvardon<\/figcaption>\n\t\t\t\t\t\t\t\t\t\t<\/figure>\n\t\t\t\t\t\t\t\t\t<\/div>\n\t\t\t\t<\/div>\n\t\t\t\t\t<\/div>\n\t\t<\/div>\n\t\t\t\t<div class=\"elementor-column elementor-col-50 elementor-top-column elementor-element elementor-element-72db5b9 elementor-hidden-tablet\" data-id=\"72db5b9\" data-element_type=\"column\" data-e-type=\"column\">\n\t\t\t<div class=\"elementor-widget-wrap elementor-element-populated\">\n\t\t\t\t\t\t<div class=\"elementor-element elementor-element-8b8bcec elementor-widget elementor-widget-image\" data-id=\"8b8bcec\" data-element_type=\"widget\" data-e-type=\"widget\" data-widget_type=\"image.default\">\n\t\t\t\t<div class=\"elementor-widget-container\">\n\t\t\t\t\t\t\t\t\t\t\t\t<figure class=\"wp-caption\">\n\t\t\t\t\t\t\t\t\t\t<img decoding=\"async\" width=\"1536\" height=\"1029\" src=\"http:\/\/www.chalets-cocoon.fr\/wp-content\/uploads\/2020\/02\/P_74_75PAN_06281-1536x1029.jpg\" class=\"attachment-1536x1536 size-1536x1536 wp-image-875\" alt=\"Champ du feu village hiver\" srcset=\"http:\/\/www.chalets-cocoon.fr\/wp-content\/uploads\/2020\/02\/P_74_75PAN_06281-1536x1029.jpg 1536w, http:\/\/www.chalets-cocoon.fr\/wp-content\/uploads\/2020\/02\/P_74_75PAN_06281-300x201.jpg 300w, http:\/\/www.chalets-cocoon.fr\/wp-content\/uploads\/2020\/02\/P_74_75PAN_06281-1024x686.jpg 1024w, http:\/\/www.chalets-cocoon.fr\/wp-content\/uploads\/2020\/02\/P_74_75PAN_06281-768x514.jpg 768w, http:\/\/www.chalets-cocoon.fr\/wp-content\/uploads\/2020\/02\/P_74_75PAN_06281.jpg 1920w\" sizes=\"(max-width: 1536px) 100vw, 1536px\" \/>\t\t\t\t\t\t\t\t\t\t\t<figcaption class=\"widget-image-caption wp-caption-text\">Photo Frantisek Zvardon<\/figcaption>\n\t\t\t\t\t\t\t\t\t\t<\/figure>\n\t\t\t\t\t\t\t\t\t<\/div>\n\t\t\t\t<\/div>\n\t\t\t\t\t<\/div>\n\t\t<\/div>\n\t\t\t\t\t<\/div>\n\t\t<\/section>\n\t\t\t\t<section class=\"elementor-section elementor-top-section elementor-element elementor-element-24f688d elementor-section-boxed elementor-section-height-default elementor-section-height-default\" data-id=\"24f688d\" data-element_type=\"section\" data-e-type=\"section\">\n\t\t\t\t\t\t<div class=\"elementor-container elementor-column-gap-wide\">\n\t\t\t\t\t<div class=\"elementor-column elementor-col-100 elementor-top-column elementor-element elementor-element-ffc969a\" data-id=\"ffc969a\" data-element_type=\"column\" data-e-type=\"column\">\n\t\t\t<div class=\"elementor-widget-wrap elementor-element-populated\">\n\t\t\t\t\t\t<div class=\"elementor-element elementor-element-c8dfd0d elementor-widget elementor-widget-heading\" data-id=\"c8dfd0d\" data-element_type=\"widget\" data-e-type=\"widget\" data-widget_type=\"heading.default\">\n\t\t\t\t<div class=\"elementor-widget-container\">\n\t\t\t\t\t<h3 class=\"elementor-heading-title elementor-size-default\">Living and relaxing in the mountains differently<\/h3>\t\t\t\t<\/div>\n\t\t\t\t<\/div>\n\t\t\t\t<div class=\"elementor-element elementor-element-25c4920 elementor-widget elementor-widget-text-editor\" data-id=\"25c4920\" data-element_type=\"widget\" data-e-type=\"widget\" data-widget_type=\"text-editor.default\">\n\t\t\t\t<div class=\"elementor-widget-container\">\n\t\t\t\t\t\t\t\t\t<p>Chalets Cocoon are the culmination of<strong>a dream of a family passionate about nature and the mountains<\/strong>. Each chalet of approximately <strong>275 square meters<\/strong> can accommodate <strong>10 adults and 4 children <\/strong>in excellent conditions <strong>of comfort and luxury<\/strong>. From their design to their completion, the expertise of Vosges and Alsatian artisans is showcased, using noble and natural materials. Each chalet is equipped with <strong>5 comfortable bedrooms<\/strong> with bathroom (shower and toilet) for 10 persons, as well as a 4 bed dorm.<\/p><p>In our chalets Cocoon, everything is planned down to the smallest details to <strong>make you live an unforgettable moment<\/strong>. Many custom services are at your disposal to meet your expectations of well-being, comfort and discovery of nature.<\/p><p>If you would like to know more about renting our chalets ideally located near Champ du Feu, please do not hesitate to <a href=\"\/en\/contact\/\">contact us<\/a>.<\/p>\t\t\t\t\t\t\t\t<\/div>\n\t\t\t\t<\/div>\n\t\t\t\t\t<\/div>\n\t\t<\/div>\n\t\t\t\t\t<\/div>\n\t\t<\/section>\n\t\t\t\t<section class=\"elementor-section elementor-top-section elementor-element elementor-element-78d5d67 elementor-section-boxed elementor-section-height-default elementor-section-height-default\" data-id=\"78d5d67\" data-element_type=\"section\" data-e-type=\"section\">\n\t\t\t\t\t\t<div class=\"elementor-container elementor-column-gap-default\">\n\t\t\t\t\t<div class=\"elementor-column elementor-col-100 elementor-top-column elementor-element elementor-element-bb527a9\" data-id=\"bb527a9\" data-element_type=\"column\" data-e-type=\"column\">\n\t\t\t<div class=\"elementor-widget-wrap elementor-element-populated\">\n\t\t\t\t\t\t<div class=\"elementor-element elementor-element-b72b56e elementor-widget elementor-widget-heading\" data-id=\"b72b56e\" data-element_type=\"widget\" data-e-type=\"widget\" data-widget_type=\"heading.default\">\n\t\t\t\t<div class=\"elementor-widget-container\">\n\t\t\t\t\t<h3 class=\"elementor-heading-title elementor-size-default\">You can take a virtual tour of the chalets by clicking on the button below:<\/h3>\t\t\t\t<\/div>\n\t\t\t\t<\/div>\n\t\t\t\t<div class=\"elementor-element elementor-element-f8458fe elementor-align-center elementor-widget elementor-widget-button\" data-id=\"f8458fe\" data-element_type=\"widget\" data-e-type=\"widget\" data-widget_type=\"button.default\">\n\t\t\t\t<div class=\"elementor-widget-container\">\n\t\t\t\t\t\t\t\t\t<div class=\"elementor-button-wrapper\">\n\t\t\t\t\t<a class=\"elementor-button elementor-button-link elementor-size-lg\" href=\"https:\/\/www.klapty.com\/tour\/hKB0bwasiK\" target=\"_blank\">\n\t\t\t\t\t\t<span class=\"elementor-button-content-wrapper\">\n\t\t\t\t\t\t<span class=\"elementor-button-icon\">\n\t\t\t\t<i aria-hidden=\"true\" class=\"fas fa-house-damage\"><\/i>\t\t\t<\/span>\n\t\t\t\t\t\t\t\t\t<span class=\"elementor-button-text\">Virtual tour of the chalets<\/span>\n\t\t\t\t\t<\/span>\n\t\t\t\t\t<\/a>\n\t\t\t\t<\/div>\n\t\t\t\t\t\t\t\t<\/div>\n\t\t\t\t<\/div>\n\t\t\t\t\t<\/div>\n\t\t<\/div>\n\t\t\t\t\t<\/div>\n\t\t<\/section>\n\t\t\t\t<\/div>","protected":false},"excerpt":{"rendered":"<p>Les Chalets Cocoon Location de chalets de luxe en Alsace, pr\u00e8s du Champ du Feu Situation Deux grands chalets-spa 5 \u00e9toiles, le chalet de Marie et le chalet de Lucie, vous accueillent au Champ du feu, au c\u0153ur des Vosges alsaciennes, \u00e0 seulement 50 minutes de Strasbourg et \u00e0 une heure de Colmar. Ils sont [&hellip;]<\/p>","protected":false},"author":1,"featured_media":0,"parent":0,"menu_order":0,"comment_status":"closed","ping_status":"closed","template":"elementor_header_footer","meta":{"footnotes":""},"class_list":["post-25","page","type-page","status-publish","hentry","entry"],"yoast_head":"<!-- This site is optimized with the Yoast SEO plugin v26.9 - https:\/\/yoast.com\/product\/yoast-seo-wordpress\/ -->\n<title>Chalets cocoon - Location de chalets de luxe en Alsace, au Champ du Feu<\/title>\n<meta name=\"description\" content=\"Location de chalets de luxe \u00e0 Belmont en Alsace, pr\u00e8s du Champ du Feu. R\u00e9servez maintenant et profitez d&#039;un moment inoubliable dans les plus beaux d\u00e9cors.\" \/>\n<meta name=\"robots\" content=\"index, follow, max-snippet:-1, max-image-preview:large, max-video-preview:-1\" \/>\n<link rel=\"canonical\" href=\"http:\/\/www.chalets-cocoon.fr\/en\/\" \/>\n<meta property=\"og:locale\" content=\"en_GB\" \/>\n<meta property=\"og:type\" content=\"article\" \/>\n<meta property=\"og:title\" content=\"Chalets cocoon - Location de chalets de luxe en Alsace, au Champ du Feu\" \/>\n<meta property=\"og:description\" content=\"Location de chalets de luxe \u00e0 Belmont en Alsace, pr\u00e8s du Champ du Feu. R\u00e9servez maintenant et profitez d&#039;un moment inoubliable dans les plus beaux d\u00e9cors.\" \/>\n<meta property=\"og:url\" content=\"http:\/\/www.chalets-cocoon.fr\/en\/\" \/>\n<meta property=\"og:site_name\" content=\"Chalets cocoon\" \/>\n<meta property=\"article:modified_time\" content=\"2026-02-12T11:45:25+00:00\" \/>\n<meta property=\"og:image\" content=\"http:\/\/www.chalets-cocoon.fr\/wp-content\/uploads\/2021\/04\/PictoCle1.png\" \/>\n<meta name=\"twitter:card\" content=\"summary_large_image\" \/>\n<meta name=\"twitter:label1\" content=\"Estimated reading time\" \/>\n\t<meta name=\"twitter:data1\" content=\"3 minutes\" \/>\n<script type=\"application\/ld+json\" class=\"yoast-schema-graph\">{\"@context\":\"https:\/\/schema.org\",\"@graph\":[{\"@type\":\"WebPage\",\"@id\":\"http:\/\/www.chalets-cocoon.fr\/\",\"url\":\"http:\/\/www.chalets-cocoon.fr\/\",\"name\":\"Chalets cocoon - Location de chalets de luxe en Alsace, au Champ du Feu\",\"isPartOf\":{\"@id\":\"http:\/\/www.chalets-cocoon.fr\/#website\"},\"primaryImageOfPage\":{\"@id\":\"http:\/\/www.chalets-cocoon.fr\/#primaryimage\"},\"image\":{\"@id\":\"http:\/\/www.chalets-cocoon.fr\/#primaryimage\"},\"thumbnailUrl\":\"http:\/\/www.chalets-cocoon.fr\/wp-content\/uploads\/2021\/04\/PictoCle1.png\",\"datePublished\":\"2020-01-14T14:56:11+00:00\",\"dateModified\":\"2026-02-12T11:45:25+00:00\",\"description\":\"Location de chalets de luxe \u00e0 Belmont en Alsace, pr\u00e8s du Champ du Feu. R\u00e9servez maintenant et profitez d'un moment inoubliable dans les plus beaux d\u00e9cors.\",\"breadcrumb\":{\"@id\":\"http:\/\/www.chalets-cocoon.fr\/#breadcrumb\"},\"inLanguage\":\"en-GB\",\"potentialAction\":[{\"@type\":\"ReadAction\",\"target\":[\"http:\/\/www.chalets-cocoon.fr\/\"]}]},{\"@type\":\"ImageObject\",\"inLanguage\":\"en-GB\",\"@id\":\"http:\/\/www.chalets-cocoon.fr\/#primaryimage\",\"url\":\"http:\/\/www.chalets-cocoon.fr\/wp-content\/uploads\/2021\/04\/PictoCle1.png\",\"contentUrl\":\"http:\/\/www.chalets-cocoon.fr\/wp-content\/uploads\/2021\/04\/PictoCle1.png\"},{\"@type\":\"BreadcrumbList\",\"@id\":\"http:\/\/www.chalets-cocoon.fr\/#breadcrumb\",\"itemListElement\":[{\"@type\":\"ListItem\",\"position\":1,\"name\":\"Accueil\",\"item\":\"http:\/\/www.chalets-cocoon.fr\/\"},{\"@type\":\"ListItem\",\"position\":2,\"name\":\"Accueil\"}]},{\"@type\":\"WebSite\",\"@id\":\"http:\/\/www.chalets-cocoon.fr\/#website\",\"url\":\"http:\/\/www.chalets-cocoon.fr\/\",\"name\":\"Chalets cocoon\",\"description\":\"\",\"publisher\":{\"@id\":\"http:\/\/www.chalets-cocoon.fr\/#organization\"},\"potentialAction\":[{\"@type\":\"SearchAction\",\"target\":{\"@type\":\"EntryPoint\",\"urlTemplate\":\"http:\/\/www.chalets-cocoon.fr\/?s={search_term_string}\"},\"query-input\":{\"@type\":\"PropertyValueSpecification\",\"valueRequired\":true,\"valueName\":\"search_term_string\"}}],\"inLanguage\":\"en-GB\"},{\"@type\":\"Organization\",\"@id\":\"http:\/\/www.chalets-cocoon.fr\/#organization\",\"name\":\"Chalets cocoon\",\"url\":\"http:\/\/www.chalets-cocoon.fr\/\",\"logo\":{\"@type\":\"ImageObject\",\"inLanguage\":\"en-GB\",\"@id\":\"http:\/\/www.chalets-cocoon.fr\/#\/schema\/logo\/image\/\",\"url\":\"http:\/\/www.chalets-cocoon.fr\/wp-content\/uploads\/2021\/03\/cropped-Chalets1.png\",\"contentUrl\":\"http:\/\/www.chalets-cocoon.fr\/wp-content\/uploads\/2021\/03\/cropped-Chalets1.png\",\"width\":1468,\"height\":451,\"caption\":\"Chalets cocoon\"},\"image\":{\"@id\":\"http:\/\/www.chalets-cocoon.fr\/#\/schema\/logo\/image\/\"}}]}<\/script>\n<!-- \/ Yoast SEO plugin. -->","yoast_head_json":{"title":"Chalets cocoon - Location de chalets de luxe en Alsace, au Champ du Feu","description":"Location de chalets de luxe \u00e0 Belmont en Alsace, pr\u00e8s du Champ du Feu. R\u00e9servez maintenant et profitez d'un moment inoubliable dans les plus beaux d\u00e9cors.","robots":{"index":"index","follow":"follow","max-snippet":"max-snippet:-1","max-image-preview":"max-image-preview:large","max-video-preview":"max-video-preview:-1"},"canonical":"http:\/\/www.chalets-cocoon.fr\/en\/","og_locale":"en_GB","og_type":"article","og_title":"Chalets cocoon - Location de chalets de luxe en Alsace, au Champ du Feu","og_description":"Location de chalets de luxe \u00e0 Belmont en Alsace, pr\u00e8s du Champ du Feu. R\u00e9servez maintenant et profitez d'un moment inoubliable dans les plus beaux d\u00e9cors.","og_url":"http:\/\/www.chalets-cocoon.fr\/en\/","og_site_name":"Chalets cocoon","article_modified_time":"2026-02-12T11:45:25+00:00","og_image":[{"url":"http:\/\/www.chalets-cocoon.fr\/wp-content\/uploads\/2021\/04\/PictoCle1.png","type":"","width":"","height":""}],"twitter_card":"summary_large_image","twitter_misc":{"Estimated reading time":"3 minutes"},"schema":{"@context":"https:\/\/schema.org","@graph":[{"@type":"WebPage","@id":"http:\/\/www.chalets-cocoon.fr\/","url":"http:\/\/www.chalets-cocoon.fr\/","name":"Chalets cocoon - Location de chalets de luxe en Alsace, au Champ du Feu","isPartOf":{"@id":"http:\/\/www.chalets-cocoon.fr\/#website"},"primaryImageOfPage":{"@id":"http:\/\/www.chalets-cocoon.fr\/#primaryimage"},"image":{"@id":"http:\/\/www.chalets-cocoon.fr\/#primaryimage"},"thumbnailUrl":"http:\/\/www.chalets-cocoon.fr\/wp-content\/uploads\/2021\/04\/PictoCle1.png","datePublished":"2020-01-14T14:56:11+00:00","dateModified":"2026-02-12T11:45:25+00:00","description":"Location de chalets de luxe \u00e0 Belmont en Alsace, pr\u00e8s du Champ du Feu. R\u00e9servez maintenant et profitez d'un moment inoubliable dans les plus beaux d\u00e9cors.","breadcrumb":{"@id":"http:\/\/www.chalets-cocoon.fr\/#breadcrumb"},"inLanguage":"en-GB","potentialAction":[{"@type":"ReadAction","target":["http:\/\/www.chalets-cocoon.fr\/"]}]},{"@type":"ImageObject","inLanguage":"en-GB","@id":"http:\/\/www.chalets-cocoon.fr\/#primaryimage","url":"http:\/\/www.chalets-cocoon.fr\/wp-content\/uploads\/2021\/04\/PictoCle1.png","contentUrl":"http:\/\/www.chalets-cocoon.fr\/wp-content\/uploads\/2021\/04\/PictoCle1.png"},{"@type":"BreadcrumbList","@id":"http:\/\/www.chalets-cocoon.fr\/#breadcrumb","itemListElement":[{"@type":"ListItem","position":1,"name":"Accueil","item":"http:\/\/www.chalets-cocoon.fr\/"},{"@type":"ListItem","position":2,"name":"Accueil"}]},{"@type":"WebSite","@id":"http:\/\/www.chalets-cocoon.fr\/#website","url":"http:\/\/www.chalets-cocoon.fr\/","name":"Chalets cocoon","description":"","publisher":{"@id":"http:\/\/www.chalets-cocoon.fr\/#organization"},"potentialAction":[{"@type":"SearchAction","target":{"@type":"EntryPoint","urlTemplate":"http:\/\/www.chalets-cocoon.fr\/?s={search_term_string}"},"query-input":{"@type":"PropertyValueSpecification","valueRequired":true,"valueName":"search_term_string"}}],"inLanguage":"en-GB"},{"@type":"Organization","@id":"http:\/\/www.chalets-cocoon.fr\/#organization","name":"Chalets cocoon","url":"http:\/\/www.chalets-cocoon.fr\/","logo":{"@type":"ImageObject","inLanguage":"en-GB","@id":"http:\/\/www.chalets-cocoon.fr\/#\/schema\/logo\/image\/","url":"http:\/\/www.chalets-cocoon.fr\/wp-content\/uploads\/2021\/03\/cropped-Chalets1.png","contentUrl":"http:\/\/www.chalets-cocoon.fr\/wp-content\/uploads\/2021\/03\/cropped-Chalets1.png","width":1468,"height":451,"caption":"Chalets cocoon"},"image":{"@id":"http:\/\/www.chalets-cocoon.fr\/#\/schema\/logo\/image\/"}}]}},"_links":{"self":[{"href":"http:\/\/www.chalets-cocoon.fr\/en\/wp-json\/wp\/v2\/pages\/25","targetHints":{"allow":["GET"]}}],"collection":[{"href":"http:\/\/www.chalets-cocoon.fr\/en\/wp-json\/wp\/v2\/pages"}],"about":[{"href":"http:\/\/www.chalets-cocoon.fr\/en\/wp-json\/wp\/v2\/types\/page"}],"author":[{"embeddable":true,"href":"http:\/\/www.chalets-cocoon.fr\/en\/wp-json\/wp\/v2\/users\/1"}],"replies":[{"embeddable":true,"href":"http:\/\/www.chalets-cocoon.fr\/en\/wp-json\/wp\/v2\/comments?post=25"}],"version-history":[{"count":145,"href":"http:\/\/www.chalets-cocoon.fr\/en\/wp-json\/wp\/v2\/pages\/25\/revisions"}],"predecessor-version":[{"id":3493,"href":"http:\/\/www.chalets-cocoon.fr\/en\/wp-json\/wp\/v2\/pages\/25\/revisions\/3493"}],"wp:attachment":[{"href":"http:\/\/www.chalets-cocoon.fr\/en\/wp-json\/wp\/v2\/media?parent=25"}],"curies":[{"name":"wp","href":"https:\/\/api.w.org\/{rel}","templated":true}]}}