{"id":1191,"date":"2020-02-27T14:47:13","date_gmt":"2020-02-27T13:47:13","guid":{"rendered":"http:\/\/www.chalets-cocoon.fr\/?page_id=1191"},"modified":"2020-02-28T16:03:24","modified_gmt":"2020-02-28T15:03:24","slug":"mentions-legales","status":"publish","type":"page","link":"http:\/\/www.chalets-cocoon.fr\/en\/mentions-legales\/","title":{"rendered":"Legal notices"},"content":{"rendered":"<div data-elementor-type=\"wp-page\" data-elementor-id=\"1191\" class=\"elementor elementor-1191\">\n\t\t\t\t\t\t<section class=\"elementor-section elementor-top-section elementor-element elementor-element-0fc9789 elementor-section-boxed elementor-section-height-default elementor-section-height-default\" data-id=\"0fc9789\" data-element_type=\"section\" data-e-type=\"section\">\n\t\t\t\t\t\t<div class=\"elementor-container elementor-column-gap-default\">\n\t\t\t\t\t<div class=\"elementor-column elementor-col-100 elementor-top-column elementor-element elementor-element-92d36d8\" data-id=\"92d36d8\" data-element_type=\"column\" data-e-type=\"column\">\n\t\t\t<div class=\"elementor-widget-wrap elementor-element-populated\">\n\t\t\t\t\t\t<div class=\"elementor-element elementor-element-591d836 elementor-widget elementor-widget-text-editor\" data-id=\"591d836\" data-element_type=\"widget\" data-e-type=\"widget\" data-widget_type=\"text-editor.default\">\n\t\t\t\t<div class=\"elementor-widget-container\">\n\t\t\t\t\t\t\t\t\t<h2>Les Mentions l\u00e9gales sont en cours de r\u00e9daction.<\/h2>\t\t\t\t\t\t\t\t<\/div>\n\t\t\t\t<\/div>\n\t\t\t\t\t<\/div>\n\t\t<\/div>\n\t\t\t\t\t<\/div>\n\t\t<\/section>\n\t\t\t\t<\/div>","protected":false},"excerpt":{"rendered":"<p>Les Mentions l\u00e9gales sont en cours de r\u00e9daction.<\/p>","protected":false},"author":1,"featured_media":0,"parent":0,"menu_order":0,"comment_status":"closed","ping_status":"closed","template":"elementor_header_footer","meta":{"footnotes":""},"class_list":["post-1191","page","type-page","status-publish","hentry","entry"],"yoast_head":"<!-- This site is optimized with the Yoast SEO plugin v26.9 - https:\/\/yoast.com\/product\/yoast-seo-wordpress\/ -->\n<title>Mentions l\u00e9gales - Chalets cocoon<\/title>\n<meta name=\"robots\" content=\"index, follow, max-snippet:-1, max-image-preview:large, max-video-preview:-1\" \/>\n<link rel=\"canonical\" href=\"https:\/\/www.chalets-cocoon.fr\/en\/mentions-legales\/\" \/>\n<meta property=\"og:locale\" content=\"en_GB\" \/>\n<meta property=\"og:type\" content=\"article\" \/>\n<meta property=\"og:title\" content=\"Mentions l\u00e9gales - Chalets cocoon\" \/>\n<meta property=\"og:description\" content=\"Les Mentions l\u00e9gales sont en cours de r\u00e9daction.\" \/>\n<meta property=\"og:url\" content=\"https:\/\/www.chalets-cocoon.fr\/en\/mentions-legales\/\" \/>\n<meta property=\"og:site_name\" content=\"Chalets cocoon\" \/>\n<meta property=\"article:modified_time\" content=\"2020-02-28T15:03:24+00:00\" \/>\n<meta name=\"twitter:card\" content=\"summary_large_image\" \/>\n<script type=\"application\/ld+json\" class=\"yoast-schema-graph\">{\"@context\":\"https:\/\/schema.org\",\"@graph\":[{\"@type\":\"WebPage\",\"@id\":\"https:\/\/www.chalets-cocoon.fr\/mentions-legales\/\",\"url\":\"https:\/\/www.chalets-cocoon.fr\/mentions-legales\/\",\"name\":\"Mentions l\u00e9gales - Chalets cocoon\",\"isPartOf\":{\"@id\":\"http:\/\/www.chalets-cocoon.fr\/#website\"},\"datePublished\":\"2020-02-27T13:47:13+00:00\",\"dateModified\":\"2020-02-28T15:03:24+00:00\",\"breadcrumb\":{\"@id\":\"https:\/\/www.chalets-cocoon.fr\/mentions-legales\/#breadcrumb\"},\"inLanguage\":\"en-GB\",\"potentialAction\":[{\"@type\":\"ReadAction\",\"target\":[\"https:\/\/www.chalets-cocoon.fr\/mentions-legales\/\"]}]},{\"@type\":\"BreadcrumbList\",\"@id\":\"https:\/\/www.chalets-cocoon.fr\/mentions-legales\/#breadcrumb\",\"itemListElement\":[{\"@type\":\"ListItem\",\"position\":1,\"name\":\"Accueil\",\"item\":\"http:\/\/www.chalets-cocoon.fr\/\"},{\"@type\":\"ListItem\",\"position\":2,\"name\":\"Mentions l\u00e9gales\"}]},{\"@type\":\"WebSite\",\"@id\":\"http:\/\/www.chalets-cocoon.fr\/#website\",\"url\":\"http:\/\/www.chalets-cocoon.fr\/\",\"name\":\"Chalets cocoon\",\"description\":\"\",\"publisher\":{\"@id\":\"http:\/\/www.chalets-cocoon.fr\/#organization\"},\"potentialAction\":[{\"@type\":\"SearchAction\",\"target\":{\"@type\":\"EntryPoint\",\"urlTemplate\":\"http:\/\/www.chalets-cocoon.fr\/?s={search_term_string}\"},\"query-input\":{\"@type\":\"PropertyValueSpecification\",\"valueRequired\":true,\"valueName\":\"search_term_string\"}}],\"inLanguage\":\"en-GB\"},{\"@type\":\"Organization\",\"@id\":\"http:\/\/www.chalets-cocoon.fr\/#organization\",\"name\":\"Chalets cocoon\",\"url\":\"http:\/\/www.chalets-cocoon.fr\/\",\"logo\":{\"@type\":\"ImageObject\",\"inLanguage\":\"en-GB\",\"@id\":\"http:\/\/www.chalets-cocoon.fr\/#\/schema\/logo\/image\/\",\"url\":\"http:\/\/www.chalets-cocoon.fr\/wp-content\/uploads\/2021\/03\/cropped-Chalets1.png\",\"contentUrl\":\"http:\/\/www.chalets-cocoon.fr\/wp-content\/uploads\/2021\/03\/cropped-Chalets1.png\",\"width\":1468,\"height\":451,\"caption\":\"Chalets cocoon\"},\"image\":{\"@id\":\"http:\/\/www.chalets-cocoon.fr\/#\/schema\/logo\/image\/\"}}]}<\/script>\n<!-- \/ Yoast SEO plugin. -->","yoast_head_json":{"title":"Mentions l\u00e9gales - Chalets cocoon","robots":{"index":"index","follow":"follow","max-snippet":"max-snippet:-1","max-image-preview":"max-image-preview:large","max-video-preview":"max-video-preview:-1"},"canonical":"https:\/\/www.chalets-cocoon.fr\/en\/mentions-legales\/","og_locale":"en_GB","og_type":"article","og_title":"Mentions l\u00e9gales - Chalets cocoon","og_description":"Les Mentions l\u00e9gales sont en cours de r\u00e9daction.","og_url":"https:\/\/www.chalets-cocoon.fr\/en\/mentions-legales\/","og_site_name":"Chalets cocoon","article_modified_time":"2020-02-28T15:03:24+00:00","twitter_card":"summary_large_image","schema":{"@context":"https:\/\/schema.org","@graph":[{"@type":"WebPage","@id":"https:\/\/www.chalets-cocoon.fr\/mentions-legales\/","url":"https:\/\/www.chalets-cocoon.fr\/mentions-legales\/","name":"Mentions l\u00e9gales - Chalets cocoon","isPartOf":{"@id":"http:\/\/www.chalets-cocoon.fr\/#website"},"datePublished":"2020-02-27T13:47:13+00:00","dateModified":"2020-02-28T15:03:24+00:00","breadcrumb":{"@id":"https:\/\/www.chalets-cocoon.fr\/mentions-legales\/#breadcrumb"},"inLanguage":"en-GB","potentialAction":[{"@type":"ReadAction","target":["https:\/\/www.chalets-cocoon.fr\/mentions-legales\/"]}]},{"@type":"BreadcrumbList","@id":"https:\/\/www.chalets-cocoon.fr\/mentions-legales\/#breadcrumb","itemListElement":[{"@type":"ListItem","position":1,"name":"Accueil","item":"http:\/\/www.chalets-cocoon.fr\/"},{"@type":"ListItem","position":2,"name":"Mentions l\u00e9gales"}]},{"@type":"WebSite","@id":"http:\/\/www.chalets-cocoon.fr\/#website","url":"http:\/\/www.chalets-cocoon.fr\/","name":"Chalets cocoon","description":"","publisher":{"@id":"http:\/\/www.chalets-cocoon.fr\/#organization"},"potentialAction":[{"@type":"SearchAction","target":{"@type":"EntryPoint","urlTemplate":"http:\/\/www.chalets-cocoon.fr\/?s={search_term_string}"},"query-input":{"@type":"PropertyValueSpecification","valueRequired":true,"valueName":"search_term_string"}}],"inLanguage":"en-GB"},{"@type":"Organization","@id":"http:\/\/www.chalets-cocoon.fr\/#organization","name":"Chalets cocoon","url":"http:\/\/www.chalets-cocoon.fr\/","logo":{"@type":"ImageObject","inLanguage":"en-GB","@id":"http:\/\/www.chalets-cocoon.fr\/#\/schema\/logo\/image\/","url":"http:\/\/www.chalets-cocoon.fr\/wp-content\/uploads\/2021\/03\/cropped-Chalets1.png","contentUrl":"http:\/\/www.chalets-cocoon.fr\/wp-content\/uploads\/2021\/03\/cropped-Chalets1.png","width":1468,"height":451,"caption":"Chalets cocoon"},"image":{"@id":"http:\/\/www.chalets-cocoon.fr\/#\/schema\/logo\/image\/"}}]}},"_links":{"self":[{"href":"http:\/\/www.chalets-cocoon.fr\/en\/wp-json\/wp\/v2\/pages\/1191","targetHints":{"allow":["GET"]}}],"collection":[{"href":"http:\/\/www.chalets-cocoon.fr\/en\/wp-json\/wp\/v2\/pages"}],"about":[{"href":"http:\/\/www.chalets-cocoon.fr\/en\/wp-json\/wp\/v2\/types\/page"}],"author":[{"embeddable":true,"href":"http:\/\/www.chalets-cocoon.fr\/en\/wp-json\/wp\/v2\/users\/1"}],"replies":[{"embeddable":true,"href":"http:\/\/www.chalets-cocoon.fr\/en\/wp-json\/wp\/v2\/comments?post=1191"}],"version-history":[{"count":6,"href":"http:\/\/www.chalets-cocoon.fr\/en\/wp-json\/wp\/v2\/pages\/1191\/revisions"}],"predecessor-version":[{"id":1751,"href":"http:\/\/www.chalets-cocoon.fr\/en\/wp-json\/wp\/v2\/pages\/1191\/revisions\/1751"}],"wp:attachment":[{"href":"http:\/\/www.chalets-cocoon.fr\/en\/wp-json\/wp\/v2\/media?parent=1191"}],"curies":[{"name":"wp","href":"https:\/\/api.w.org\/{rel}","templated":true}]}}